{"id":6809,"date":"2025-01-28T13:03:31","date_gmt":"2025-01-28T12:03:31","guid":{"rendered":"https:\/\/etecam.cat\/avis-legal\/"},"modified":"2025-02-12T11:04:02","modified_gmt":"2025-02-12T10:04:02","slug":"aviso-legal","status":"publish","type":"page","link":"https:\/\/etecam.cat\/es\/aviso-legal\/","title":{"rendered":"Aviso Legal"},"content":{"rendered":"\n<h1 class=\"wp-block-heading has-text-color has-link-color wp-elements-e40a10acac708378d2e41c0c88835e2c\" style=\"color:#ffcb43\">Aviso Legal<\/h1>\n\n\n\n<p>Para cumplir el art\u00edculo 10 de la Ley 34\/2002, de 11 de julio, de Servicios de la Sociedad de la Informaci\u00f3n y de Comercio Electr\u00f3nico, informamos a los usuarios de nuestros datos:<\/p>\n\n\n\n<p>Propietario\/Proveedor de Servicios: FUNDACI\u00d3 CASA DE LA M\u00daSICA DEL GIRON\u00c8S<br>NIF: G55233001<br>Direcci\u00f3n: Sant Antoni, 1, 17190, Salt<br>Tel\u00e9fono: <a href=\"tel:972415127\">+34 972 296 353<\/a><br>Correo electr\u00f3nico: <a href=\"mailto:publi@marlonbranding.net\">info@etecam.cat<\/a><br>Sitio web: <a href=\"https:\/\/etecam.cat\/es\/\">https:\/\/etecam.cat\/<\/a><\/p>\n\n\n\n<div style=\"height:20px\" aria-hidden=\"true\" class=\"wp-block-spacer\"><\/div>\n\n\n\n<h2 class=\"wp-block-heading\">1. Objeto<\/h2>\n\n\n\n<p>FUNDACI\u00d3 CASA DE LA M\u00daSICA DEL GIRON\u00c8S (en adelante tambi\u00e9n el prestador) como responsable del sitio web, pone este documento a disposici\u00f3n de los usuarios, que regula el uso del sitio web https:\/\/etecam.cat\/ con el que pretendemos cumplir con las obligaciones establecidas en la Ley 34\/2002, de 11 de julio, de servicios de la sociedad sobre las condiciones de uso del sitio web.<\/p>\n\n\n\n<p>A trav\u00e9s de la web, FUNDACI\u00d3 CASA DE LA M\u00daSICA DEL GIRON\u00c8S proporciona a los usuarios acceso y uso de diferentes servicios y contenidos.<\/p>\n\n\n\n<p>Cualquier persona que acceda a este sitio web asume el papel de usuario (en adelante, el usuario), e implica la aceptaci\u00f3n plena y sin reservas de todas y cada una de las disposiciones incluidas en este aviso legal, as\u00ed como de cualquier otra disposici\u00f3n legal que se pueda aplicar.<\/p>\n\n\n\n<p>Como usuarios, deben leer atentamente este Aviso Legal en cualquiera de las ocasiones en que entren en la web, ya que puede sufrir modificaciones, ya que el prestamista se reserva el derecho de modificar cualquier tipo de informaci\u00f3n que pueda aparecer en la web, sin que haya obligaci\u00f3n de prenotificar o dar a conocer a los usuarios estas obligaciones, y es suficiente la publicaci\u00f3n en el sitio web del prestador.<\/p>\n\n\n\n<div style=\"height:20px\" aria-hidden=\"true\" class=\"wp-block-spacer\"><\/div>\n\n\n\n<h2 class=\"wp-block-heading\">2. Condiciones de acceso y uso de la web<\/h2>\n\n\n\n<p><strong>2.1. Libre acceso y uso del sitio web<br><\/strong>La prestaci\u00f3n de servicios por parte de FUNDACI\u00d3 CASA DE LA M\u00daSICA DEL GIRON\u00c8S es gratuita para todos los Usuarios.<\/p>\n\n\n\n<p><strong>2.2. Registro de usuarios<br><\/strong>Por lo general, el acceso a los contenidos y la navegaci\u00f3n por la web no requiere suscripci\u00f3n previa o registro de los usuarios. En cualquier caso, para iniciar el proceso de compra de los productos o para consultar el estado de un pedido y llevar a cabo procedimientos a trav\u00e9s del sitio web en el pedido realizado, FUNDACI\u00d3 CASA DE LA MUSICA DEL GIRON\u00c8S podr\u00e1 exigir la realizaci\u00f3n del registro de usuario correspondiente.<\/p>\n\n\n\n<p>Este registro se realizar\u00e1 de acuerdo con el formulario expresamente proporcionado en la secci\u00f3n de servicio.<\/p>\n\n\n\n<p><strong>2.3. Veracidad de la informaci\u00f3n<br><\/strong>Toda la informaci\u00f3n proporcionada por el usuario debe ser veraz. A tal efecto, el usuario garantiza la autenticidad de los datos comunicados a trav\u00e9s de los formularios para suscribirse a los servicios. Ser\u00e1 responsabilidad del usuario mantener actualizada permanentemente toda la informaci\u00f3n facilitada a FUNDACI\u00d3 CASA DE LA MUSICA DEL GIRON\u00c8S para que responda, en todo momento, a su situaci\u00f3n real. En cualquier caso, el usuario ser\u00e1 el \u00fanico responsable de las declaraciones falsas o inexactas realizadas y de los da\u00f1os y perjuicios causados \u200b\u200bal prestamista oa terceros.<\/p>\n\n\n\n<p><strong>2.4. Menores<br><\/strong>Para el uso de los servicios, los menores siempre deben obtener el consentimiento de los padres, tutores o representantes legales, en \u00faltima instancia responsables de todos los actos realizados por los menores a su cargo. La responsabilidad de determinar contenidos espec\u00edficos a los que acceden los menores corresponde a aquellos, por eso, si acceden a contenidos que no son apropiados a Internet, deben establecerse mecanismos en sus ordenadores, en particular programas inform\u00e1ticos, filtros y bloqueos, que permitan limitar los contenidos disponibles y, aunque no sean infalibles, sean de especial utilidad para controlar y restringir los materiales.<\/p>\n\n\n\n<p><strong>2.5. Obligaci\u00f3n de hacer un uso adecuado de la web<br><\/strong>El Usuario se compromete a utilizar la web de conformidad con la Ley y este Aviso Legal, as\u00ed como con la moral y buenas costumbres. A tal efecto, el Usuario se abstendr\u00e1 de utilizar el sitio web con fines il\u00edcitos o prohibidos, perjudiciales para los derechos e intereses de terceros, o que de cualquier modo pueda da\u00f1ar, inutilizar, sobrecargar, impedir el uso normal de equipos inform\u00e1ticos o documentos, archivos y todo tipo de contenidos almacenados en cualquier equipo.<\/p>\n\n\n\n<p>En particular, y como ejemplo, pero no exhaustivo, el Usuario se compromete a no transmitir, difundir o poner a disposici\u00f3n de terceros informaci\u00f3n, datos, contenidos, mensajes, gr\u00e1ficos, dibujos, archivos de sonido o imagen, fotograf\u00edas, grabaciones, software y, en general, cualquier tipo de material que:<br>(a) es contrario, desprecia o socava los derechos fundamentales y las libertades p\u00fablicas reconocidos por la Constituci\u00f3n, en los tratados internacionales y otros reglamentos vigentes;<br>(b) induce, incita o promueve actos penales, degradantes, difamatorios, violentos o, en general, contrarios a la ley, la moral y el orden p\u00fablico;<br>(c) induce, incita o promueve acciones, actitudes o pensamientos discriminatorios basados \u200b\u200ben el sexo, la raza, la religi\u00f3n, las creencias, la edad o la condici\u00f3n;<br>(d) sea contrario al derecho al honor, a la intimidad personal o familiar oa la imagen de las personas;<br>(e) de cualquier forma da\u00f1ar la credibilidad del prestamista o de terceros; y<br>(f) constituya publicidad ilegal, enga\u00f1osa o desleal.<\/p>\n\n\n\n<div style=\"height:20px\" aria-hidden=\"true\" class=\"wp-block-spacer\"><\/div>\n\n\n\n<h2 class=\"wp-block-heading\">3. Exclusi\u00f3n de garant\u00edas y responsabilidad<\/h2>\n\n\n\n<p>El prestamista est\u00e1 exento de cualquier responsabilidad derivada de la informaci\u00f3n publicada en nuestro sitio web, siempre que esta informaci\u00f3n haya sido manipulada o introducida por un tercero.<\/p>\n\n\n\n<p>Este sitio web ha sido revisado y probado para su correcto funcionamiento. En principio, el correcto funcionamiento se puede garantizar los 365 d\u00edas del a\u00f1o, las 24 horas del d\u00eda. Sin embargo, el prestamista no descarta la posibilidad de ciertos errores de programaci\u00f3n, o causas de fuerza mayor, desastres naturales, huelgas o circunstancias similares que impidan el acceso al sitio web.<\/p>\n\n\n\n<p>FUNDACI\u00d3 CASA DE LA M\u00daSICA DEL GIRON\u00c8S no otorga ninguna garant\u00eda ni se hace responsable bajo ninguna circunstancia de los da\u00f1os y perjuicios de cualquier tipo que pudieran derivarse de la falta de disponibilidad, mantenimiento y funcionamiento efectivo del sitio web o de sus servicios y contenidos; de la existencia de virus, programas maliciosos o nocivos en los contenidos; del uso il\u00edcito, negligente, fraudulento o contrario al presente Aviso Legal y condiciones de uso; o de la falta de legalidad, calidad, fiabilidad, utilidad y disponibilidad de los servicios prestados por terceros y puestos a disposici\u00f3n de los usuarios en el sitio web.<\/p>\n\n\n\n<p>El proveedor no se hace responsable en ninguna circunstancia de los da\u00f1os y perjuicios que pudieran derivarse de la ilegalidad o uso indebido de este sitio web.<\/p>\n\n\n\n<div style=\"height:20px\" aria-hidden=\"true\" class=\"wp-block-spacer\"><\/div>\n\n\n\n<h2 class=\"wp-block-heading\">4. Cookies<\/h2>\n\n\n\n<p>El sitio web del proveedor puede utilizar cookies (peque\u00f1os archivos de informaci\u00f3n que el servidor env\u00eda al ordenador de la persona que accede a la p\u00e1gina). Para obtener m\u00e1s informaci\u00f3n, consulte nuestra <a href=\"https:\/\/etecam.cat\/es\/politica-de-cookies\/\">Pol\u00edtica de cookies<\/a>.<\/p>\n\n\n\n<div style=\"height:20px\" aria-hidden=\"true\" class=\"wp-block-spacer\"><\/div>\n\n\n\n<h2 class=\"wp-block-heading\">5. Enlaces<\/h2>\n\n\n\n<p>Desde el sitio web es posible que se redirija a los contenidos de terceros sitios web. Dado que desde la web no siempre podemos controlar los contenidos introducidos por terceros, FUNDACI\u00d3 CASA DE LA M\u00daSICA DEL GIRON\u00c8S no asume ninguna responsabilidad por estos contenidos. En cualquier caso, el prestamista declara que proceder\u00e1 a la retirada inmediata de cualquier contenido que pudiera contravenir la legislaci\u00f3n nacional o internacional, la moral o el orden p\u00fablico, procediendo a la retirada inmediata de la nueva direcci\u00f3n a estos sitios web, poniendo en conocimiento de las autoridades competentes el contenido en cuesti\u00f3n.<\/p>\n\n\n\n<p>El prestamista no se hace responsable de la informaci\u00f3n y contenidos almacenados, a modo de ejemplo, pero no limitado, en foros, chats, generadores de blogs, comentarios, redes sociales o cualquier otro medio que permita a terceros publicar contenidos de forma independiente en el sitio web del prestamista. Sin embargo, y en cumplimiento de las disposiciones del art. 11 y 16 de la LSSICE, el prestamista se pone a disposici\u00f3n de todos los usuarios, autoridades y fuerzas de seguridad, colaborando activamente en la retirada o, en su caso, bloqueo de todos los contenidos que puedan afectar o contravenir el derecho nacional, o internacional, los derechos de terceros o la moral y el orden p\u00fablico. En caso de que el usuario considere que puede haber alg\u00fan contenido que pueda ser susceptible de esta clasificaci\u00f3n, notif\u00edquelo inmediatamente al administrador del sitio web.<\/p>\n\n\n\n<div style=\"height:20px\" aria-hidden=\"true\" class=\"wp-block-spacer\"><\/div>\n\n\n\n<h2 class=\"wp-block-heading\">6. Hiperenlaces<\/h2>\n\n\n\n<p>Aquellas personas que se propongan establecer hiperenlaces entre su p\u00e1gina web y el sitio web deber\u00e1n observar y cumplir las siguientes condiciones:<\/p>\n\n\n\n<ul class=\"wp-block-list\">\n<li>FUNDACI\u00d3 CASA DE LA M\u00daSICA DEL GIRON\u00c8S se reserva el derecho a bloquear los hiperenlaces dirigidos al sitio web que no cuenten con autorizaci\u00f3n expresa con car\u00e1cter previo incluso cumpliendo con lo preceptuado en este punto de las condiciones generales.<\/li>\n\n\n\n<li>No ser\u00e1 necesaria autorizaci\u00f3n previa cuando el hiperenlace permita \u00fanicamente el acceso a la p\u00e1gina de inicio del sitio web en cuesti\u00f3n, pero no podr\u00e1 reproducirla de ninguna manera. Cualquier otra forma de hiperenlace requerir\u00e1 la autorizaci\u00f3n expresa e inequ\u00edvoca por escrito por parte de FUNDACI\u00d3 CASA DE LA M\u00daSICA DEL GIRON\u00c8S.<\/li>\n\n\n\n<li>La p\u00e1gina web donde se establezca el hiperenlace s\u00f3lo puede contener lo estrictamente necesario para identificar el destino del hiperenlace.<\/li>\n\n\n\n<li>La p\u00e1gina web donde se establezca el hiperenlace no contendr\u00e1 informaciones o contenidos il\u00edcitos, contrarios a la moral ya las buenas costumbres generalmente aceptadas y al orden p\u00fablico, as\u00ed como tampoco contendr\u00e1 contenidos contrarios a cualquier derecho de terceros.<\/li>\n<\/ul>\n\n\n\n<div style=\"height:20px\" aria-hidden=\"true\" class=\"wp-block-spacer\"><\/div>\n\n\n\n<h2 class=\"wp-block-heading\">7. Protecci\u00f3n de datos personales<\/h2>\n\n\n\n<p>El prestamista est\u00e1 profundamente comprometido con el cumplimiento de la normativa en materia de protecci\u00f3n de datos de car\u00e1cter personal y garantiza el pleno cumplimiento de las obligaciones establecidas, as\u00ed como la aplicaci\u00f3n de las medidas de seguridad establecidas en el Reglamento Europeo de Protecci\u00f3n de Datos y en la normativa espa\u00f1ola de protecci\u00f3n de datos. Para obtener m\u00e1s informaci\u00f3n, consulte nuestra Pol\u00edtica de privacidad.<\/p>\n\n\n\n<div style=\"height:20px\" aria-hidden=\"true\" class=\"wp-block-spacer\"><\/div>\n\n\n\n<h2 class=\"wp-block-heading\">8. Propiedad intelectual e industrial<\/h2>\n\n\n\n<p>El sitio web, incluido a t\u00edtulo enunciativo, pero no limitado a la programaci\u00f3n, edici\u00f3n, compilaci\u00f3n y otros elementos necesarios para su funcionamiento, los dise\u00f1os, logotipos, textos, fotograf\u00edas y\/o gr\u00e1ficos son propiedad del prestamista o, en su caso, cuentan con la licencia o autorizaci\u00f3n expresa por parte de los autores. Todos los contenidos del sitio web est\u00e1n debidamente protegidos por las normas de propiedad intelectual e industrial.<\/p>\n\n\n\n<p>Independientemente de la finalidad para la que fueron destinados, la reproducci\u00f3n total o parcial, el uso, la distribuci\u00f3n y la comunicaci\u00f3n p\u00fablica requieren autorizaci\u00f3n previa por escrito del prestamista. Cualquier uso no autorizado previamente por el prestamista se considera una violaci\u00f3n grave de los derechos de propiedad intelectual o industrial del autor.<\/p>\n\n\n\n<p>Los dise\u00f1os, logotipos, textos y\/o gr\u00e1ficos ajenos al prestamista y que puedan aparecer en el sitio web, pertenecen a sus respectivos propietarios, siendo ellos mismos responsables de cualquier posible controversia que pudiera surgir respecto de \u00e9stos. En cualquier caso, el prestamista cuenta con la autorizaci\u00f3n previa expresa de los mismos.<\/p>\n\n\n\n<p>El prestamista reconoce a favor de sus titulares los correspondientes derechos de propiedad industrial e intelectual, sin implicar la menci\u00f3n o aparici\u00f3n en el sitio web, de la existencia de derechos o de cualquier responsabilidad del prestamista sobre \u00e9stos, ni apoyo, patrocinio o recomendaci\u00f3n por parte del mismo.<\/p>\n\n\n\n<p>Para realizar cualquier tipo de observaci\u00f3n sobre posibles vulneraciones de los derechos de propiedad intelectual o industrial, as\u00ed como sobre cualquiera de los contenidos del sitio web, puede hacerlo a trav\u00e9s del correo electr\u00f3nico anterior.<\/p>\n\n\n\n<div style=\"height:20px\" aria-hidden=\"true\" class=\"wp-block-spacer\"><\/div>\n\n\n\n<h2 class=\"wp-block-heading\">9. Acciones en caso de incumplimiento<\/h2>\n\n\n\n<p>FUNDACI\u00d3 CASA DE LA M\u00daSICA DEL GIRON\u00c8S se reserva el derecho a ejercer todas las acciones que est\u00e9n disponibles en derecho para exigir las responsabilidades que se deriven del incumplimiento de cualquiera de las disposiciones de estas condiciones generales, pol\u00edtica de privacidad, pol\u00edtica de cookies o condiciones generales de contrataci\u00f3n del sitio web por parte del usuario.<\/p>\n\n\n\n<div style=\"height:20px\" aria-hidden=\"true\" class=\"wp-block-spacer\"><\/div>\n\n\n\n<h2 class=\"wp-block-heading\">10. Nulidad parcial<\/h2>\n\n\n\n<p>La declaraci\u00f3n de cualquiera de las cl\u00e1usulas contenidas en estas condiciones generales, pol\u00edtica de privacidad, pol\u00edtica de cookies o condiciones generales de contrataci\u00f3n como nula, inv\u00e1lida o ineficaz no afectar\u00e1 a la validez o eficacia de las restantes, que seguir\u00e1n siendo vinculantes entre las partes.<\/p>\n\n\n\n<div style=\"height:20px\" aria-hidden=\"true\" class=\"wp-block-spacer\"><\/div>\n\n\n\n<h2 class=\"wp-block-heading\">11. Notificaciones<\/h2>\n\n\n\n<p>A efectos de practicar las notificaciones oportunas, FUNDACI\u00d3 CASA DE LA M\u00daSICA DEL GIRON\u00c8S designa como domicilio de contacto el especificado en el Aviso Legal.<\/p>\n\n\n\n<p>El correo electr\u00f3nico facilitado por el usuario durante el proceso de registro en el sitio web, ser\u00e1 utilizado por FUNDACI\u00d3 CASA DE LA M\u00daSICA DEL GIRON\u00c8S para practicar notificaciones al usuario. El usuario est\u00e1 obligado a mantener debidamente actualizados los datos que a efectos de notificaciones se refieran a la presente cl\u00e1usula.<\/p>\n\n\n\n<p>Todas las notificaciones que efect\u00fae FUNDACI\u00d3 CASA DE LA M\u00daSICA DEL GIRON\u00c8S al usuario se considerar\u00e1n v\u00e1lidamente efectuadas si se han realizado empleando los datos ya trav\u00e9s de los medios se\u00f1alados anteriormente. FUNDACI\u00d3 CASA DE LA M\u00daSICA DEL GIRON\u00c8S no se responsabiliza de cualquier perjuicio que pueda producirse por la vulneraci\u00f3n del usuario de su obligaci\u00f3n de mantenimiento actualizado de sus datos de contacto.<\/p>\n\n\n\n<div style=\"height:20px\" aria-hidden=\"true\" class=\"wp-block-spacer\"><\/div>\n\n\n\n<h2 class=\"wp-block-heading\">12. Ley aplicable y jurisdicci\u00f3n<\/h2>\n\n\n\n<p>Para la resoluci\u00f3n de controversias o cuestiones relacionadas con este sitio web o las actividades desarrolladas por ello, ser\u00e1 de aplicaci\u00f3n la legislaci\u00f3n espa\u00f1ola, a la que se someten expresamente las partes, siendo competentes para la resoluci\u00f3n de todos los litigios derivados o relacionados con su uso. Juzgados y tribunales de Girona.<\/p>\n\n\n\n<div style=\"height:100px\" aria-hidden=\"true\" class=\"wp-block-spacer\"><\/div>\n\n\n\n<p><\/p>\n","protected":false},"excerpt":{"rendered":"<p>Aviso Legal Para cumplir el art\u00edculo 10 de la Ley 34\/2002, de 11 de julio, de Servicios de la Sociedad de la Informaci\u00f3n y de Comercio Electr\u00f3nico, informamos a los usuarios de nuestros datos: Propietario\/Proveedor de Servicios: FUNDACI\u00d3 CASA DE LA M\u00daSICA DEL GIRON\u00c8SNIF: G55233001Direcci\u00f3n: Sant Antoni, 1, 17190, SaltTel\u00e9fono: +34 972 296 353Correo electr\u00f3nico: [&hellip;]<\/p>\n","protected":false},"author":1,"featured_media":0,"parent":0,"menu_order":0,"comment_status":"closed","ping_status":"open","template":"","meta":{"footnotes":""},"class_list":["post-6809","page","type-page","status-publish","hentry"],"yoast_head":"<!-- This site is optimized with the Yoast SEO plugin v24.4 - https:\/\/yoast.com\/wordpress\/plugins\/seo\/ -->\n<title>Aviso Legal - ETECAM<\/title>\n<meta name=\"robots\" content=\"noindex, follow\" \/>\n<meta property=\"og:locale\" content=\"es_ES\" \/>\n<meta property=\"og:type\" content=\"article\" \/>\n<meta property=\"og:title\" content=\"Aviso Legal - ETECAM\" \/>\n<meta property=\"og:description\" content=\"Aviso Legal Para cumplir el art\u00edculo 10 de la Ley 34\/2002, de 11 de julio, de Servicios de la Sociedad de la Informaci\u00f3n y de Comercio Electr\u00f3nico, informamos a los usuarios de nuestros datos: Propietario\/Proveedor de Servicios: FUNDACI\u00d3 CASA DE LA M\u00daSICA DEL GIRON\u00c8SNIF: G55233001Direcci\u00f3n: Sant Antoni, 1, 17190, SaltTel\u00e9fono: +34 972 296 353Correo electr\u00f3nico: [&hellip;]\" \/>\n<meta property=\"og:url\" content=\"https:\/\/etecam.cat\/es\/aviso-legal\/\" \/>\n<meta property=\"og:site_name\" content=\"ETECAM\" \/>\n<meta property=\"article:publisher\" content=\"https:\/\/www.facebook.com\/etecam\/\" \/>\n<meta property=\"article:modified_time\" content=\"2025-02-12T10:04:02+00:00\" \/>\n<meta property=\"og:image\" content=\"https:\/\/etecam.cat\/wp-content\/uploads\/2025\/02\/etecam-estudiants-grau.jpg\" \/>\n\t<meta property=\"og:image:width\" content=\"1200\" \/>\n\t<meta property=\"og:image:height\" content=\"800\" \/>\n\t<meta property=\"og:image:type\" content=\"image\/jpeg\" \/>\n<meta name=\"twitter:card\" content=\"summary_large_image\" \/>\n<meta name=\"twitter:site\" content=\"@casamusicagi\" \/>\n<meta name=\"twitter:label1\" content=\"Tiempo de lectura\" \/>\n\t<meta name=\"twitter:data1\" content=\"12 minutos\" \/>\n<script type=\"application\/ld+json\" class=\"yoast-schema-graph\">{\"@context\":\"https:\/\/schema.org\",\"@graph\":[{\"@type\":\"WebPage\",\"@id\":\"https:\/\/etecam.cat\/es\/aviso-legal\/\",\"url\":\"https:\/\/etecam.cat\/es\/aviso-legal\/\",\"name\":\"Aviso Legal - ETECAM\",\"isPartOf\":{\"@id\":\"https:\/\/etecam.cat\/es\/#website\"},\"datePublished\":\"2025-01-28T12:03:31+00:00\",\"dateModified\":\"2025-02-12T10:04:02+00:00\",\"breadcrumb\":{\"@id\":\"https:\/\/etecam.cat\/es\/aviso-legal\/#breadcrumb\"},\"inLanguage\":\"es\",\"potentialAction\":[{\"@type\":\"ReadAction\",\"target\":[\"https:\/\/etecam.cat\/es\/aviso-legal\/\"]}]},{\"@type\":\"BreadcrumbList\",\"@id\":\"https:\/\/etecam.cat\/es\/aviso-legal\/#breadcrumb\",\"itemListElement\":[{\"@type\":\"ListItem\",\"position\":1,\"name\":\"Inicio\",\"item\":\"https:\/\/etecam.cat\/es\/\"},{\"@type\":\"ListItem\",\"position\":2,\"name\":\"Aviso Legal\"}]},{\"@type\":\"WebSite\",\"@id\":\"https:\/\/etecam.cat\/es\/#website\",\"url\":\"https:\/\/etecam.cat\/es\/\",\"name\":\"ETECAM\",\"description\":\"Grau Superior en so per a audiovisuals i espectacles\",\"publisher\":{\"@id\":\"https:\/\/etecam.cat\/es\/#organization\"},\"alternateName\":\"Escola T\u00e8cnica de l'Espectacle\",\"potentialAction\":[{\"@type\":\"SearchAction\",\"target\":{\"@type\":\"EntryPoint\",\"urlTemplate\":\"https:\/\/etecam.cat\/es\/?s={search_term_string}\"},\"query-input\":{\"@type\":\"PropertyValueSpecification\",\"valueRequired\":true,\"valueName\":\"search_term_string\"}}],\"inLanguage\":\"es\"},{\"@type\":\"Organization\",\"@id\":\"https:\/\/etecam.cat\/es\/#organization\",\"name\":\"Escuela T\u00e9cnica del Espect\u00e1culo\",\"alternateName\":\"ETECAM\",\"url\":\"https:\/\/etecam.cat\/es\/\",\"logo\":{\"@type\":\"ImageObject\",\"inLanguage\":\"es\",\"@id\":\"https:\/\/etecam.cat\/es\/#\/schema\/logo\/image\/\",\"url\":\"https:\/\/etecam.cat\/wp-content\/uploads\/2025\/01\/ETECAM_LOGO_groc.svg\",\"contentUrl\":\"https:\/\/etecam.cat\/wp-content\/uploads\/2025\/01\/ETECAM_LOGO_groc.svg\",\"width\":518,\"height\":492,\"caption\":\"Escuela T\u00e9cnica del Espect\u00e1culo\"},\"image\":{\"@id\":\"https:\/\/etecam.cat\/es\/#\/schema\/logo\/image\/\"},\"sameAs\":[\"https:\/\/www.facebook.com\/etecam\/\",\"https:\/\/x.com\/casamusicagi\",\"https:\/\/www.instagram.com\/etecamformacio\"]}]}<\/script>\n<!-- \/ Yoast SEO plugin. -->","yoast_head_json":{"title":"Aviso Legal - ETECAM","robots":{"index":"noindex","follow":"follow"},"og_locale":"es_ES","og_type":"article","og_title":"Aviso Legal - ETECAM","og_description":"Aviso Legal Para cumplir el art\u00edculo 10 de la Ley 34\/2002, de 11 de julio, de Servicios de la Sociedad de la Informaci\u00f3n y de Comercio Electr\u00f3nico, informamos a los usuarios de nuestros datos: Propietario\/Proveedor de Servicios: FUNDACI\u00d3 CASA DE LA M\u00daSICA DEL GIRON\u00c8SNIF: G55233001Direcci\u00f3n: Sant Antoni, 1, 17190, SaltTel\u00e9fono: +34 972 296 353Correo electr\u00f3nico: [&hellip;]","og_url":"https:\/\/etecam.cat\/es\/aviso-legal\/","og_site_name":"ETECAM","article_publisher":"https:\/\/www.facebook.com\/etecam\/","article_modified_time":"2025-02-12T10:04:02+00:00","og_image":[{"width":1200,"height":800,"url":"https:\/\/etecam.cat\/wp-content\/uploads\/2025\/02\/etecam-estudiants-grau.jpg","type":"image\/jpeg"}],"twitter_card":"summary_large_image","twitter_site":"@casamusicagi","twitter_misc":{"Tiempo de lectura":"12 minutos"},"schema":{"@context":"https:\/\/schema.org","@graph":[{"@type":"WebPage","@id":"https:\/\/etecam.cat\/es\/aviso-legal\/","url":"https:\/\/etecam.cat\/es\/aviso-legal\/","name":"Aviso Legal - ETECAM","isPartOf":{"@id":"https:\/\/etecam.cat\/es\/#website"},"datePublished":"2025-01-28T12:03:31+00:00","dateModified":"2025-02-12T10:04:02+00:00","breadcrumb":{"@id":"https:\/\/etecam.cat\/es\/aviso-legal\/#breadcrumb"},"inLanguage":"es","potentialAction":[{"@type":"ReadAction","target":["https:\/\/etecam.cat\/es\/aviso-legal\/"]}]},{"@type":"BreadcrumbList","@id":"https:\/\/etecam.cat\/es\/aviso-legal\/#breadcrumb","itemListElement":[{"@type":"ListItem","position":1,"name":"Inicio","item":"https:\/\/etecam.cat\/es\/"},{"@type":"ListItem","position":2,"name":"Aviso Legal"}]},{"@type":"WebSite","@id":"https:\/\/etecam.cat\/es\/#website","url":"https:\/\/etecam.cat\/es\/","name":"ETECAM","description":"Grau Superior en so per a audiovisuals i espectacles","publisher":{"@id":"https:\/\/etecam.cat\/es\/#organization"},"alternateName":"Escola T\u00e8cnica de l'Espectacle","potentialAction":[{"@type":"SearchAction","target":{"@type":"EntryPoint","urlTemplate":"https:\/\/etecam.cat\/es\/?s={search_term_string}"},"query-input":{"@type":"PropertyValueSpecification","valueRequired":true,"valueName":"search_term_string"}}],"inLanguage":"es"},{"@type":"Organization","@id":"https:\/\/etecam.cat\/es\/#organization","name":"Escuela T\u00e9cnica del Espect\u00e1culo","alternateName":"ETECAM","url":"https:\/\/etecam.cat\/es\/","logo":{"@type":"ImageObject","inLanguage":"es","@id":"https:\/\/etecam.cat\/es\/#\/schema\/logo\/image\/","url":"https:\/\/etecam.cat\/wp-content\/uploads\/2025\/01\/ETECAM_LOGO_groc.svg","contentUrl":"https:\/\/etecam.cat\/wp-content\/uploads\/2025\/01\/ETECAM_LOGO_groc.svg","width":518,"height":492,"caption":"Escuela T\u00e9cnica del Espect\u00e1culo"},"image":{"@id":"https:\/\/etecam.cat\/es\/#\/schema\/logo\/image\/"},"sameAs":["https:\/\/www.facebook.com\/etecam\/","https:\/\/x.com\/casamusicagi","https:\/\/www.instagram.com\/etecamformacio"]}]}},"_links":{"self":[{"href":"https:\/\/etecam.cat\/es\/wp-json\/wp\/v2\/pages\/6809","targetHints":{"allow":["GET"]}}],"collection":[{"href":"https:\/\/etecam.cat\/es\/wp-json\/wp\/v2\/pages"}],"about":[{"href":"https:\/\/etecam.cat\/es\/wp-json\/wp\/v2\/types\/page"}],"author":[{"embeddable":true,"href":"https:\/\/etecam.cat\/es\/wp-json\/wp\/v2\/users\/1"}],"replies":[{"embeddable":true,"href":"https:\/\/etecam.cat\/es\/wp-json\/wp\/v2\/comments?post=6809"}],"version-history":[{"count":3,"href":"https:\/\/etecam.cat\/es\/wp-json\/wp\/v2\/pages\/6809\/revisions"}],"predecessor-version":[{"id":6815,"href":"https:\/\/etecam.cat\/es\/wp-json\/wp\/v2\/pages\/6809\/revisions\/6815"}],"wp:attachment":[{"href":"https:\/\/etecam.cat\/es\/wp-json\/wp\/v2\/media?parent=6809"}],"curies":[{"name":"wp","href":"https:\/\/api.w.org\/{rel}","templated":true}]}}